{"id":1169,"date":"2015-11-30T21:25:01","date_gmt":"2015-11-30T20:25:01","guid":{"rendered":"http:\/\/demoscopicas.mondoaragon.com\/2015\/grupos\/"},"modified":"2015-11-30T21:53:52","modified_gmt":"2015-11-30T20:53:52","slug":"grupos","status":"publish","type":"page","link":"https:\/\/demoscopicas.mondoaragon.com\/2015\/","title":{"rendered":"Directorio de grupos"},"content":{"rendered":"<p><strong>Grupos inscritos en 2015<\/strong><\/p>\n<p><strong>Ya tenemos los nombres de los finalistas en las Demosc\u00f3picas 2015<\/strong><\/p>\n<p>Toro, Das Laundromat y The Fire Tornados formar\u00e1n el cartel de las Demosc\u00f3picas.<\/p>\n<p>Las dos primeras fueron elegidas por votaci\u00f3n popular, y la tercera ser\u00e1 la banda invitada en dos noches que se adivinan intensas. <a href=\"http:\/\/www.mondosonoro.com\/criticas\/conciertos-musica\/fiestas-demoscopicas-de-zaragoza\/\" target=\"_blank\">sala L\u00f3pez<\/a> (13 de febrero) y El Veintiuno (14 de febrero). <a href=\"http:\/\/www.mondosonoro.com\/noticias-actualidad-musical\/toro-das-laundromat-y-the-fire-tornados-formaran-el-cartel-de-las-demoscopicas\/\" target=\"_blank\">Noticia completa<\/a>.<\/p>\n<h2>Grupo ganador: <a href=\"http:\/\/demoscopicas.mondoaragon.com\/2015\/grupo\/TORO\/\">Toro<\/a><\/h2>\n  \t\t\n\t<div class=\"userpro-paginate top\"><span aria-current=\"page\" class=\"page-numbers current\">1<\/span>\n<a class=\"page-numbers\" href=\"\/2015\/wp-json\/wp\/v2\/pages\/1169?emd-page=2\">2<\/a>\n<a class=\"page-numbers\" href=\"\/2015\/wp-json\/wp\/v2\/pages\/1169?emd-page=3\">3<\/a>\n<a class=\"next page-numbers\" href=\"\/2015\/wp-json\/wp\/v2\/pages\/1169?emd-page=2\">Siguiente<\/a><\/div>\t<div class=\"polaroid-images\">\n\t\n\t\t\t\t\n\t\t\t\n\t\t\n\t\t\t\t<a href=\"https:\/\/demoscopicas.mondoaragon.com\/2015\/grupo\/Segunda-Piel\/\"><img src=\"https:\/\/demoscopicas.mondoaragon.com\/2015\/wp-content\/plugins\/userpro\/lib\/timthumb.php?src=%2Fwp-content%2Fuploads%2Fuserpro%2F51%2F547b9fdd6a47b.jpg&amp;w=100&amp;h=100&amp;a=t&amp;q=100\" width=\"100\" height=\"100\" alt=\"\" class=\"modified avatar\" \/>Segunda Piel<img class=\"userpro-profile-badge-right userpro-profile-badge-verified\" src=\"https:\/\/demoscopicas.mondoaragon.com\/2015\/wp-content\/plugins\/userpro\/img\/badges\/badge-verified.png\" alt=\"\" title=\"Cuenta verificada\" \/><span class=\"userpro-badges inline\"><\/span><\/a>\n\t\n\t\n\t\t\t\t\n\t\t\t\n\t\t\n\t\t\t\t<a href=\"https:\/\/demoscopicas.mondoaragon.com\/2015\/grupo\/El-Juana-Banda\/\"><img src=\"https:\/\/demoscopicas.mondoaragon.com\/2015\/wp-content\/plugins\/userpro\/lib\/timthumb.php?src=%2Fwp-content%2Fuploads%2Fuserpro%2F50%2F547b98ef5c043.png&amp;w=100&amp;h=100&amp;a=t&amp;q=100\" width=\"100\" height=\"100\" alt=\"\" class=\"modified avatar\" \/>El Juana Banda<img class=\"userpro-profile-badge-right userpro-profile-badge-verified\" src=\"https:\/\/demoscopicas.mondoaragon.com\/2015\/wp-content\/plugins\/userpro\/img\/badges\/badge-verified.png\" alt=\"\" title=\"Cuenta verificada\" \/><span class=\"userpro-badges inline\"><\/span><\/a>\n\t\n\t\n\t\t\t\t\n\t\t\t\n\t\t\n\t\t\t\t<a href=\"https:\/\/demoscopicas.mondoaragon.com\/2015\/grupo\/Fermin-Serrano\/\"><img src=\"https:\/\/demoscopicas.mondoaragon.com\/2015\/wp-content\/plugins\/userpro\/lib\/timthumb.php?src=%2Fwp-content%2Fuploads%2Fuserpro%2F49%2F547b9356c9e53.jpg&amp;w=100&amp;h=100&amp;a=t&amp;q=100\" width=\"100\" height=\"100\" alt=\"\" class=\"modified avatar\" \/>Fermin Serrano<img class=\"userpro-profile-badge-right userpro-profile-badge-verified\" src=\"https:\/\/demoscopicas.mondoaragon.com\/2015\/wp-content\/plugins\/userpro\/img\/badges\/badge-verified.png\" alt=\"\" title=\"Cuenta verificada\" \/><span class=\"userpro-badges inline\"><\/span><\/a>\n\t\n\t\n\t\t\t\t\n\t\t\t\n\t\t\n\t\t\t\t<a href=\"https:\/\/demoscopicas.mondoaragon.com\/2015\/grupo\/SEGUNDOS-APELLIDOS\/\"><img src=\"https:\/\/demoscopicas.mondoaragon.com\/2015\/wp-content\/plugins\/userpro\/lib\/timthumb.php?src=%2Fwp-content%2Fuploads%2Fuserpro%2F48%2F547b3c19162eb.jpg&amp;w=100&amp;h=100&amp;a=t&amp;q=100\" width=\"100\" height=\"100\" alt=\"\" class=\"modified avatar\" \/>SEGUNDOS APELLIDOS<img class=\"userpro-profile-badge-right userpro-profile-badge-verified\" src=\"https:\/\/demoscopicas.mondoaragon.com\/2015\/wp-content\/plugins\/userpro\/img\/badges\/badge-verified.png\" alt=\"\" title=\"Cuenta verificada\" \/><span class=\"userpro-badges inline\"><\/span><\/a>\n\t\n\t\n\t\t\t\t\n\t\t\t\n\t\t\n\t\t\t\t<a href=\"https:\/\/demoscopicas.mondoaragon.com\/2015\/grupo\/Led-Jacket\/\"><img src=\"https:\/\/demoscopicas.mondoaragon.com\/2015\/wp-content\/plugins\/userpro\/lib\/timthumb.php?src=%2Fwp-content%2Fuploads%2Fuserpro%2F47%2F547b079adf32b.jpg&amp;w=100&amp;h=100&amp;a=t&amp;q=100\" width=\"100\" height=\"100\" alt=\"\" class=\"modified avatar\" \/>Led Jacket<img class=\"userpro-profile-badge-right userpro-profile-badge-verified\" src=\"https:\/\/demoscopicas.mondoaragon.com\/2015\/wp-content\/plugins\/userpro\/img\/badges\/badge-verified.png\" alt=\"\" title=\"Cuenta verificada\" \/><span class=\"userpro-badges inline\"><\/span><\/a>\n\t\n\t\n\t\t\t\t\n\t\t\t\n\t\t\n\t\t\t\t<a href=\"https:\/\/demoscopicas.mondoaragon.com\/2015\/grupo\/Galimatias-Band\/\"><img src=\"https:\/\/demoscopicas.mondoaragon.com\/2015\/wp-content\/plugins\/userpro\/lib\/timthumb.php?src=%2Fwp-content%2Fuploads%2Fuserpro%2F46%2F547afe5fe04f1.jpg&amp;w=100&amp;h=100&amp;a=t&amp;q=100\" width=\"100\" height=\"100\" alt=\"\" class=\"modified avatar\" \/>Galimatias Band<img class=\"userpro-profile-badge-right userpro-profile-badge-verified\" src=\"https:\/\/demoscopicas.mondoaragon.com\/2015\/wp-content\/plugins\/userpro\/img\/badges\/badge-verified.png\" alt=\"\" title=\"Cuenta verificada\" \/><span class=\"userpro-badges inline\"><\/span><\/a>\n\t\n\t\n\t\t\t\t\n\t\t\t\n\t\t\n\t\t\t\t<a href=\"https:\/\/demoscopicas.mondoaragon.com\/2015\/grupo\/monotone\/\"><img src=\"https:\/\/demoscopicas.mondoaragon.com\/2015\/wp-content\/plugins\/userpro\/lib\/timthumb.php?src=%2Fwp-content%2Fuploads%2Fuserpro%2F45%2F547aeb5383771.jpg&amp;w=100&amp;h=100&amp;a=t&amp;q=100\" width=\"100\" height=\"100\" alt=\"\" class=\"modified avatar\" \/>monotone<img class=\"userpro-profile-badge-right userpro-profile-badge-verified\" src=\"https:\/\/demoscopicas.mondoaragon.com\/2015\/wp-content\/plugins\/userpro\/img\/badges\/badge-verified.png\" alt=\"\" title=\"Cuenta verificada\" \/><span class=\"userpro-badges inline\"><\/span><\/a>\n\t\n\t\n\t\t\t\t\n\t\t\t\n\t\t\n\t\t\t\t<a href=\"https:\/\/demoscopicas.mondoaragon.com\/2015\/grupo\/SmileDog-Ganga\/\"><img src=\"https:\/\/demoscopicas.mondoaragon.com\/2015\/wp-content\/plugins\/userpro\/lib\/timthumb.php?src=%2Fwp-content%2Fuploads%2Fuserpro%2F44%2F547a1607d2b20.jpg&amp;w=100&amp;h=100&amp;a=t&amp;q=100\" width=\"100\" height=\"100\" alt=\"\" class=\"modified avatar\" \/>SmileDog Ganga<img class=\"userpro-profile-badge-right userpro-profile-badge-verified\" src=\"https:\/\/demoscopicas.mondoaragon.com\/2015\/wp-content\/plugins\/userpro\/img\/badges\/badge-verified.png\" alt=\"\" title=\"Cuenta verificada\" \/><span class=\"userpro-badges inline\"><\/span><\/a>\n\t\n\t\n\t\t\t\t\n\t\t\t\n\t\t\n\t\t\t\t<a href=\"https:\/\/demoscopicas.mondoaragon.com\/2015\/grupo\/Er-Zulo\/\"><img src=\"https:\/\/demoscopicas.mondoaragon.com\/2015\/wp-content\/plugins\/userpro\/lib\/timthumb.php?src=%2Fwp-content%2Fuploads%2Fuserpro%2F43%2F5479c9d9d1054.jpg&amp;w=100&amp;h=100&amp;a=t&amp;q=100\" width=\"100\" height=\"100\" alt=\"\" class=\"modified avatar\" \/>Er Zulo<img class=\"userpro-profile-badge-right userpro-profile-badge-verified\" src=\"https:\/\/demoscopicas.mondoaragon.com\/2015\/wp-content\/plugins\/userpro\/img\/badges\/badge-verified.png\" alt=\"\" title=\"Cuenta verificada\" \/><span class=\"userpro-badges inline\"><\/span><\/a>\n\t\n\t\n\t\t\t\t\n\t\t\t\n\t\t\n\t\t\t\t<a href=\"https:\/\/demoscopicas.mondoaragon.com\/2015\/grupo\/Ni-Zorra%21\/\"><img src=\"https:\/\/demoscopicas.mondoaragon.com\/2015\/wp-content\/plugins\/userpro\/lib\/timthumb.php?src=%2Fwp-content%2Fuploads%2Fuserpro%2F41%2F547777e96796a.jpeg&amp;w=100&amp;h=100&amp;a=t&amp;q=100\" width=\"100\" height=\"100\" alt=\"\" class=\"modified avatar\" \/>Ni Zorra!<img class=\"userpro-profile-badge-right userpro-profile-badge-verified\" src=\"https:\/\/demoscopicas.mondoaragon.com\/2015\/wp-content\/plugins\/userpro\/img\/badges\/badge-verified.png\" alt=\"\" title=\"Cuenta verificada\" \/><span class=\"userpro-badges inline\"><\/span><\/a>\n\t\n\t\n\t\t\t\t\n\t\t\t\n\t\t\n\t\t\t\t<a href=\"https:\/\/demoscopicas.mondoaragon.com\/2015\/grupo\/Federico-B%C3%A1ez\/\"><img src=\"https:\/\/demoscopicas.mondoaragon.com\/2015\/wp-content\/plugins\/userpro\/lib\/timthumb.php?src=%2Fwp-content%2Fuploads%2Fuserpro%2F40%2F5476fbb1638a2.jpg&amp;w=100&amp;h=100&amp;a=t&amp;q=100\" width=\"100\" height=\"100\" alt=\"\" class=\"modified avatar\" \/>Federico B\u00e1ez<img class=\"userpro-profile-badge-right userpro-profile-badge-verified\" src=\"https:\/\/demoscopicas.mondoaragon.com\/2015\/wp-content\/plugins\/userpro\/img\/badges\/badge-verified.png\" alt=\"\" title=\"Cuenta verificada\" \/><span class=\"userpro-badges inline\"><\/span><\/a>\n\t\n\t\n\t\t\t\t\n\t\t\t\n\t\t\n\t\t\t\t<a href=\"https:\/\/demoscopicas.mondoaragon.com\/2015\/grupo\/leBlond\/\"><img src=\"https:\/\/demoscopicas.mondoaragon.com\/2015\/wp-content\/plugins\/userpro\/lib\/timthumb.php?src=%2Fwp-content%2Fuploads%2Fuserpro%2F39%2F547625db0f0e4.jpg&amp;w=100&amp;h=100&amp;a=t&amp;q=100\" width=\"100\" height=\"100\" alt=\"\" class=\"modified avatar\" \/>leBlond<img class=\"userpro-profile-badge-right userpro-profile-badge-verified\" src=\"https:\/\/demoscopicas.mondoaragon.com\/2015\/wp-content\/plugins\/userpro\/img\/badges\/badge-verified.png\" alt=\"\" title=\"Cuenta verificada\" \/><span class=\"userpro-badges inline\"><\/span><\/a>\n\t\n\t\n\t\t\t\t\n\t\t\t\n\t\t\n\t\t\t\t<a href=\"https:\/\/demoscopicas.mondoaragon.com\/2015\/grupo\/Mexic%C3%B3manos\/\"><img src=\"https:\/\/demoscopicas.mondoaragon.com\/2015\/wp-content\/plugins\/userpro\/lib\/timthumb.php?src=%2Fwp-content%2Fuploads%2Fuserpro%2F38%2F5475d60713c4f.jpg&amp;w=100&amp;h=100&amp;a=t&amp;q=100\" width=\"100\" height=\"100\" alt=\"\" class=\"modified avatar\" \/>Mexic\u00f3manos<img class=\"userpro-profile-badge-right userpro-profile-badge-verified\" src=\"https:\/\/demoscopicas.mondoaragon.com\/2015\/wp-content\/plugins\/userpro\/img\/badges\/badge-verified.png\" alt=\"\" title=\"Cuenta verificada\" \/><span class=\"userpro-badges inline\"><\/span><\/a>\n\t\n\t\n\t\t\t\t\n\t\t\t\n\t\t\n\t\t\t\t<a href=\"https:\/\/demoscopicas.mondoaragon.com\/2015\/grupo\/Wasteland\/\"><img src=\"https:\/\/demoscopicas.mondoaragon.com\/2015\/wp-content\/plugins\/userpro\/lib\/timthumb.php?src=%2Fwp-content%2Fuploads%2Fuserpro%2F37%2F54757e5c57e3a.jpg&amp;w=100&amp;h=100&amp;a=t&amp;q=100\" width=\"100\" height=\"100\" alt=\"\" class=\"modified avatar\" \/>Wasteland<img class=\"userpro-profile-badge-right userpro-profile-badge-verified\" src=\"https:\/\/demoscopicas.mondoaragon.com\/2015\/wp-content\/plugins\/userpro\/img\/badges\/badge-verified.png\" alt=\"\" title=\"Cuenta verificada\" \/><span class=\"userpro-badges inline\"><\/span><\/a>\n\t\n\t\n\t\t\t\t\n\t\t\t\n\t\t\n\t\t\t\t<a href=\"https:\/\/demoscopicas.mondoaragon.com\/2015\/grupo\/HEDEAN\/\"><img src=\"https:\/\/demoscopicas.mondoaragon.com\/2015\/wp-content\/plugins\/userpro\/lib\/timthumb.php?src=%2Fwp-content%2Fuploads%2Fuserpro%2F36%2F5474db537f1ad.jpeg&amp;w=100&amp;h=100&amp;a=t&amp;q=100\" width=\"100\" height=\"100\" alt=\"\" class=\"modified avatar\" \/>HEDEAN<img class=\"userpro-profile-badge-right userpro-profile-badge-verified\" src=\"https:\/\/demoscopicas.mondoaragon.com\/2015\/wp-content\/plugins\/userpro\/img\/badges\/badge-verified.png\" alt=\"\" title=\"Cuenta verificada\" \/><span class=\"userpro-badges inline\"><\/span><\/a>\n\t\n\t\n\t\t\t\t\n\t\t\t\n\t\t\n\t\t\t\t<a href=\"https:\/\/demoscopicas.mondoaragon.com\/2015\/grupo\/Made-in-Primavera\/\"><img src=\"https:\/\/demoscopicas.mondoaragon.com\/2015\/wp-content\/plugins\/userpro\/lib\/timthumb.php?src=%2Fwp-content%2Fuploads%2Fuserpro%2F35%2F5474d33d18142.jpg&amp;w=100&amp;h=100&amp;a=t&amp;q=100\" width=\"100\" height=\"100\" alt=\"\" class=\"modified avatar\" \/>Made in Primavera<img class=\"userpro-profile-badge-right userpro-profile-badge-verified\" src=\"https:\/\/demoscopicas.mondoaragon.com\/2015\/wp-content\/plugins\/userpro\/img\/badges\/badge-verified.png\" alt=\"\" title=\"Cuenta verificada\" \/><span class=\"userpro-badges inline\"><\/span><\/a>\n\t\n\t\n\t\t\t\t\n\t\t\t\n\t\t\n\t\t\t\t<a href=\"https:\/\/demoscopicas.mondoaragon.com\/2015\/grupo\/Darmage\/\"><img src=\"https:\/\/demoscopicas.mondoaragon.com\/2015\/wp-content\/plugins\/userpro\/lib\/timthumb.php?src=%2Fwp-content%2Fuploads%2Fuserpro%2F34%2F54744b4fc1995.jpg&amp;w=100&amp;h=100&amp;a=t&amp;q=100\" width=\"100\" height=\"100\" alt=\"\" class=\"modified avatar\" \/>Darmage<img class=\"userpro-profile-badge-right userpro-profile-badge-verified\" src=\"https:\/\/demoscopicas.mondoaragon.com\/2015\/wp-content\/plugins\/userpro\/img\/badges\/badge-verified.png\" alt=\"\" title=\"Cuenta verificada\" \/><span class=\"userpro-badges inline\"><\/span><\/a>\n\t\n\t\n\t\t\t\t\n\t\t\t\n\t\t\n\t\t\t\t<a href=\"https:\/\/demoscopicas.mondoaragon.com\/2015\/grupo\/The-Shimm\/\"><img src=\"https:\/\/demoscopicas.mondoaragon.com\/2015\/wp-content\/plugins\/userpro\/lib\/timthumb.php?src=%2Fwp-content%2Fuploads%2Fuserpro%2F33%2F547436357410f.jpg&amp;w=100&amp;h=100&amp;a=t&amp;q=100\" width=\"100\" height=\"100\" alt=\"\" class=\"modified avatar\" \/>The Shimm<img class=\"userpro-profile-badge-right userpro-profile-badge-verified\" src=\"https:\/\/demoscopicas.mondoaragon.com\/2015\/wp-content\/plugins\/userpro\/img\/badges\/badge-verified.png\" alt=\"\" title=\"Cuenta verificada\" \/><span class=\"userpro-badges inline\"><\/span><\/a>\n\t\n\t\n\t\t\t\t\n\t\t\t\n\t\t\n\t\t\t\t<a href=\"https:\/\/demoscopicas.mondoaragon.com\/2015\/grupo\/Napalm-Storm\/\"><img src=\"https:\/\/demoscopicas.mondoaragon.com\/2015\/wp-content\/plugins\/userpro\/lib\/timthumb.php?src=%2Fwp-content%2Fuploads%2Fuserpro%2F32%2F547376486ceaa.jpg&amp;w=100&amp;h=100&amp;a=t&amp;q=100\" width=\"100\" height=\"100\" alt=\"\" class=\"modified avatar\" \/>Napalm Storm<img class=\"userpro-profile-badge-right userpro-profile-badge-verified\" src=\"https:\/\/demoscopicas.mondoaragon.com\/2015\/wp-content\/plugins\/userpro\/img\/badges\/badge-verified.png\" alt=\"\" title=\"Cuenta verificada\" \/><span class=\"userpro-badges inline\"><\/span><\/a>\n\t\n\t\n\t\t\t\t\n\t\t\t\n\t\t\n\t\t\t\t<a href=\"https:\/\/demoscopicas.mondoaragon.com\/2015\/grupo\/AN%C3%93NIMO\/\"><img src=\"https:\/\/demoscopicas.mondoaragon.com\/2015\/wp-content\/plugins\/userpro\/lib\/timthumb.php?src=%2Fwp-content%2Fuploads%2Fuserpro%2F31%2F54724af90cb7a.jpg&amp;w=100&amp;h=100&amp;a=t&amp;q=100\" width=\"100\" height=\"100\" alt=\"\" class=\"modified avatar\" \/>AN\u00d3NIMO<img class=\"userpro-profile-badge-right userpro-profile-badge-verified\" src=\"https:\/\/demoscopicas.mondoaragon.com\/2015\/wp-content\/plugins\/userpro\/img\/badges\/badge-verified.png\" alt=\"\" title=\"Cuenta verificada\" \/><span class=\"userpro-badges inline\"><\/span><\/a>\n\t\n\t\n\t\t<\/div>\n\t\t<div class=\"userpro-clear\"><\/div>\n<div class=\"userpro-paginate bottom\"><span aria-current=\"page\" class=\"page-numbers current\">1<\/span>\n<a class=\"page-numbers\" href=\"\/2015\/wp-json\/wp\/v2\/pages\/1169?emd-page=2\">2<\/a>\n<a class=\"page-numbers\" href=\"\/2015\/wp-json\/wp\/v2\/pages\/1169?emd-page=3\">3<\/a>\n<a class=\"next page-numbers\" href=\"\/2015\/wp-json\/wp\/v2\/pages\/1169?emd-page=2\">Siguiente<\/a><\/div>\r\n\r\n<style type=\"text\/css\">\r\n\r\ndiv.userpro-awsm-pic {\r\n\tmargin-left: -48px;\r\n\ttop: -48px;\r\n}\r\n\r\ndiv.userpro-awsm-pic img {\r\n\twidth: 86px;\r\n\theight: 86px;\r\n}\r\n\r\ndiv.userpro,\r\ndiv.emd-main,\r\ndiv.emd-filters,\r\ndiv.userpro-search-results,\r\ndiv.userpro-label label,\r\ndiv.userpro input,\r\ndiv.userpro textarea,\r\ndiv.userpro select,\r\ndiv.userpro-field textarea.userpro_editor,\r\ndiv.userpro-msg-overlay-content,\r\ndiv.userpro-msg-overlay-content input,\r\ndiv.userpro-msg-overlay-content textarea,\r\ndiv.userpro-notifier\r\n{\r\n\tfont-family: Roboto;\r\n}\r\n\r\n\r\ndiv.userpro-904 {\r\n\tmax-width: 480px;\r\n\t\t\t\tmargin-left: auto;margin-right: auto;\r\n\t\t\t\tmargin-bottom: 30px;\r\n\t}\r\n\r\n\r\n\r\ndiv.userpro-904.userpro-nostyle {\r\n\tmax-width: 250px;\r\n}\r\n\r\ndiv.userpro-904.userpro-users {\r\n\tmax-width: 100% !important;\r\n}\r\n\r\ndiv.userpro-904 div.userpro-user {\r\n\tmargin-top: 15px;\r\n\tmargin-left: 30px;\r\n\tmargin-right: 30px;\r\n}\r\n\r\ndiv.userpro-904 div.userpro-user a.userpro-user-img {\r\n\twidth: 120px;\r\n\theight: 120px;\r\n}\r\ndiv.userpro-904 div.userpro-user a.userpro-user-img span {\r\n\ttop: -120px;\r\n\tline-height: 120px;\r\n}\r\n\r\ndiv.userpro-904 div.userpro-user div.userpro-user-link {\r\n\twidth: 120px;\r\n}\r\n\r\ndiv.userpro-904 div.userpro-user a.userpro-user-img,\r\ndiv.userpro-904 div.userpro-user a.userpro-user-img span {\r\n\tborder-radius: 999px !important;\r\n}\r\n\r\ndiv.userpro-904 div.userpro-list-item-i {\r\n\twidth: 50px;\r\n\theight: 50px;\r\n}\r\n\r\n\r\ndiv.userpro-904 div.userpro-online-item-i {\r\n\twidth: 30px;\r\n\theight: 30px;\r\n}\r\n\r\ndiv.userpro-904 div.userpro-online-item {\r\n\tborder-bottom: 0px !important;\r\n\tpadding: 10px 0 0 0;\r\n}\r\n\r\ndiv.userpro-904 div.userpro-online-item img.userpro-profile-badge,\r\ndiv.userpro-904 div.userpro-online-item img.userpro-profile-badge-right {\r\n\tmax-width: 14px !important;\r\n\tmax-height: 14px !important;\r\n}\r\n\r\ndiv.userpro-904 div.userpro-profile-img {\r\n\twidth: 80px;\r\n\theight: 80px;\r\n}\r\n\r\ndiv.emd-user {\r\n\twidth: 22% !important;\r\n\tmargin-left: 2% !important;\r\n}\r\n\r\n\r\n\r\n\r\n<\/style>\n","protected":false},"excerpt":{"rendered":"<p>Grupos inscritos en 2015 Ya tenemos los nombres de los finalistas en las Demosc\u00f3picas 2015 Toro, Das Laundromat y The Fire Tornados formar\u00e1n el cartel de las Demosc\u00f3picas. Las dos primeras fueron elegidas por votaci\u00f3n popular, y la tercera ser\u00e1 la banda invitada en dos noches que se adivinan intensas. sala L\u00f3pez (13 de febrero) [&hellip;]<\/p>\n","protected":false},"author":1,"featured_media":0,"parent":0,"menu_order":0,"comment_status":"closed","ping_status":"closed","template":"","meta":{"spay_email":"","_links_to":"","_links_to_target":""},"_links":{"self":[{"href":"https:\/\/demoscopicas.mondoaragon.com\/2015\/wp-json\/wp\/v2\/pages\/1169"}],"collection":[{"href":"https:\/\/demoscopicas.mondoaragon.com\/2015\/wp-json\/wp\/v2\/pages"}],"about":[{"href":"https:\/\/demoscopicas.mondoaragon.com\/2015\/wp-json\/wp\/v2\/types\/page"}],"author":[{"embeddable":true,"href":"https:\/\/demoscopicas.mondoaragon.com\/2015\/wp-json\/wp\/v2\/users\/1"}],"replies":[{"embeddable":true,"href":"https:\/\/demoscopicas.mondoaragon.com\/2015\/wp-json\/wp\/v2\/comments?post=1169"}],"version-history":[{"count":2,"href":"https:\/\/demoscopicas.mondoaragon.com\/2015\/wp-json\/wp\/v2\/pages\/1169\/revisions"}],"predecessor-version":[{"id":1180,"href":"https:\/\/demoscopicas.mondoaragon.com\/2015\/wp-json\/wp\/v2\/pages\/1169\/revisions\/1180"}],"wp:attachment":[{"href":"https:\/\/demoscopicas.mondoaragon.com\/2015\/wp-json\/wp\/v2\/media?parent=1169"}],"curies":[{"name":"wp","href":"https:\/\/api.w.org\/{rel}","templated":true}]}}