{"id":853,"date":"2014-10-31T20:17:24","date_gmt":"2014-10-31T19:17:24","guid":{"rendered":"http:\/\/demoscopicas.mondoaragon.com\/?page_id=853"},"modified":"2016-12-07T20:56:37","modified_gmt":"2016-12-07T19:56:37","slug":"853-2","status":"publish","type":"page","link":"https:\/\/demoscopicas.mondoaragon.com\/2016\/","title":{"rendered":"Concurso Demosc\u00f3pico a escena"},"content":{"rendered":"<p>&nbsp;<\/p>\n<h3>Victorious Fleet Commanders ganan las Demosc\u00f3picas 2016<\/h3>\n<hr \/>\n<p><a href=\"http:\/\/www.mondosonoro.com\/noticias-actualidad-musical\/victorious-fleet-commanders-ganadores-de-las-demoscopicas-2016\/\" target=\"_blank\">Leer noticia completa<\/a><\/p>\n<p>&nbsp;<\/p>\n<h3><strong>Ya conocemos los finalistas de las Demosc\u00f3picas<br \/>\n<\/strong><\/h3>\n<hr \/>\n<p>Las fiestas Demosc\u00f3picas de Mondo Sonoro Arag\u00f3n de este 2016 (repetimos en la L\u00f3pez, el 26 de este mes, y El Veintiuno, el 4 de marzo) tendr\u00e1n a dos candidatos muy notables: The Hard Mama y Victorious Fleet Commanders. <a href=\"http:\/\/www.mondosonoro.com\/noticias-actualidad-musical\/fiestas-demoscopicas-aunque-sobradamente-preparados\/\" target=\"_blank\">Leer noticia y descargar invitaciones<\/a><\/p>\n<p><a href=\"http:\/\/www.mondosonoro.com\/noticias-actualidad-musical\/victorious-fleet-commanders-ganadores-de-las-demoscopicas-2016\/\" target=\"_blank\">Leer noticia completa<\/a><\/p>\n<h3><strong>Inicio de las votaciones<br \/>\n<\/strong><\/h3>\n<hr \/>\n<p>Vota por tu mejor grupo Demosc\u00f3pico en Arag\u00f3n, desde el formulario de la derecha. Escucha los grupos y vota durante el mes de enero, <strong>hasta el d\u00eda 17<\/strong>. <a href=\"http:\/\/www.mondosonoro.com\/noticias-actualidad-musical\/ii-concurso-demoscopico-fiestas-demoscopicas-con-guisante-atomico\/\" target=\"_blank\">Leer noticia<\/a>\u00a0&#8211; Periodo de votaci\u00f3n finalizado.<\/p>\n<p>&nbsp;<\/p>\n<h3><strong>Inicio de la inscripci\u00f3n de grupos. Diciembre 2015<br \/>\n<\/strong><\/h3>\n<hr \/>\n<p>&nbsp;<\/p>\n<p>Se acercan las fiestas demosc\u00f3picas de <span style=\"color: #ff0000;\"><strong>Mondo Sonoro Arag\u00f3n<\/strong><\/span>. \u00a1Habemus concurso! Se puede participar <strong>hasta el 30 de diciembre<\/strong> a trav\u00e9s de esta web. Dispones de un formulario de inscripci\u00f3n, que requiere informaci\u00f3n de contacto, am\u00e9n de una pesta\u00f1a de env\u00edo de un tema original e in\u00e9dito en formato mp3. Se buscan artistas de base, no consolidados, nacidos o residentes en Arag\u00f3n, que no hayan ganado otros concursos de talentos en el\u00a0\u00faltima lustro. Los temas presentados se colgar\u00e1n en la web y recibir\u00e1n la votaci\u00f3n del p\u00fablico (una IP, un voto: el sistema no admite duplicidades), que puntuar\u00e1 al 50%, junto al veredicto de un jurado de profesionales de la m\u00fasica local. Dos candidatos ser\u00e1n elegidos para actuar en las fiestas demosc\u00f3picas de Arag\u00f3n, y recibir\u00e1n apoyo local y nacional en la revista. Se elegir\u00e1 un ganador global, el grupo Mondo Arag\u00f3n 2015, que recibir\u00e1 apoyo promocional de la revista todo el a\u00f1o y grabar\u00e1 un EP en el estudio <strong>La Cafetera At\u00f3mica<\/strong>, editado luego por <strong>Virtualbum.es<\/strong>. \u00a0<strong><a href=\"http:\/\/demoscopicas.mondoaragon.com\/bases\/\">Leer bases completas<\/a><\/strong>\u00a0&#8211; <a href=\"http:\/\/www.mondosonoro.com\/noticias-actualidad-musical\/ii-concurso-demoscopico-fiestas-demoscopicas-con-guisante-atomico\/\" target=\"_blank\">Leer noticia<\/a><\/p>\n<p>*Recomendamos el uso del navegador Chrome.<\/p>\n<p><span style=\"color: #ff0000;\">Periodo de registro agotado<\/span><\/p>\n<div class='avia-button-wrap avia-button-left '><a href='http:\/\/demoscopicas.mondoaragon.com\/grupo\/registro\/' class='avia-button  avia-icon_select-yes-left-icon avia-color-silver avia-size-large avia-position-left '   ><span class='avia_button_icon avia_button_icon_left ' aria-hidden='true' data-av_icon='\ue80c' data-av_iconfont='entypo-fontello'><\/span><span class='avia_iconbox_title' >Registro de Grupos<\/span><\/a><\/div>\n<div class='avia-button-wrap avia-button-left '><a href='http:\/\/demoscopicas.mondoaragon.com\/grupo\/editar\/' class='avia-button  avia-icon_select-yes-left-icon avia-color-theme-color avia-size-large avia-position-left '   ><span class='avia_button_icon avia_button_icon_left ' aria-hidden='true' data-av_icon='\ue84b' data-av_iconfont='entypo-fontello'><\/span><span class='avia_iconbox_title' >Edici\u00f3n de registro (si ya participaste otros a\u00f1os)<\/span><\/a><\/div>\n<p>&nbsp;<\/p>\n  \t\t\n\t<div class=\"userpro-paginate top\"><span aria-current=\"page\" class=\"page-numbers current\">1<\/span>\n<a class=\"page-numbers\" href=\"\/2016\/wp-json\/wp\/v2\/pages\/853?emd-page=2\">2<\/a>\n<a class=\"next page-numbers\" href=\"\/2016\/wp-json\/wp\/v2\/pages\/853?emd-page=2\">Siguiente<\/a><\/div>\t<div class=\"polaroid-images\">\n\t\n\t\t\t\t\n\t\t\t\n\t\t\n\t\t\t\t<a href=\"https:\/\/demoscopicas.mondoaragon.com\/2016\/grupo\/GROGGY\/\"><img src=\"https:\/\/demoscopicas.mondoaragon.com\/2016\/wp-content\/uploads\/bfi_thumb\/5685636b9effc-n0vzg52keiaxkovnw8eltb91f03jj1hiwtj7q2ytim.jpg\" width=\"100\" height=\"100\" alt=\"\" class=\"modified avatar\" \/>GROGGY<span class=\"userpro-badges inline\"><\/span><\/a>\n\t\n\t\n\t\t\t\t\n\t\t\t\n\t\t\n\t\t\t\t<a href=\"https:\/\/demoscopicas.mondoaragon.com\/2016\/grupo\/Lady-Ambar\/\"><img src=\"https:\/\/demoscopicas.mondoaragon.com\/2016\/wp-content\/uploads\/bfi_thumb\/56851ac19a1e9-n0vzfuqcbbws0zaoklxpjvuyvrii6dch7ecvg1e5m0.jpg\" width=\"100\" height=\"100\" alt=\"\" class=\"modified avatar\" \/>Lady Ambar<span class=\"userpro-badges inline\"><\/span><\/a>\n\t\n\t\n\t\t\t\t\n\t\t\t\n\t\t\n\t\t\t\t<a href=\"https:\/\/demoscopicas.mondoaragon.com\/2016\/grupo\/Juan%C3%ADn-Fern%C3%A1ndez\/\"><img src=\"https:\/\/demoscopicas.mondoaragon.com\/2016\/wp-content\/uploads\/bfi_thumb\/568514e4876d1-n0vzg0ddgc4hyn2hnodgyufqg2qpgjyv869sbp5sko.jpg\" width=\"100\" height=\"100\" alt=\"\" class=\"modified avatar\" \/>Juan\u00edn Fern\u00e1ndez<span class=\"userpro-badges inline\"><\/span><\/a>\n\t\n\t\n\t\t\t\t\n\t\t\t\n\t\t\n\t\t\t\t<a href=\"https:\/\/demoscopicas.mondoaragon.com\/2016\/grupo\/S-A-D-A-I\/\"><img src=\"https:\/\/demoscopicas.mondoaragon.com\/2016\/wp-content\/uploads\/bfi_thumb\/5684d6a84755a-n0vzfzfj9i37n13ut5yueco9uovc8uv4w1mauf76je.jpg\" width=\"100\" height=\"100\" alt=\"\" class=\"modified avatar\" \/>S A D A I<img class=\"userpro-profile-badge-right userpro-profile-badge-verified\" src=\"https:\/\/demoscopicas.mondoaragon.com\/2016\/wp-content\/plugins\/userpro\/img\/badges\/badge-verified.png\" alt=\"\" title=\"Cuenta verificada\" \/><span class=\"userpro-badges inline\"><\/span><\/a>\n\t\n\t\n\t\t\t\t\n\t\t\t\n\t\t\n\t\t\t\t<a href=\"https:\/\/demoscopicas.mondoaragon.com\/2016\/grupo\/FILTRO\/\"><img src=\"https:\/\/demoscopicas.mondoaragon.com\/2016\/wp-content\/uploads\/bfi_thumb\/56841a4bec2ac-n0vzg291u072luzrcp6q3tynmuhfvy6bwfkra92zys.jpg\" width=\"100\" height=\"100\" alt=\"\" class=\"modified avatar\" \/>FILTRO<span class=\"userpro-badges inline\"><\/span><\/a>\n\t\n\t\n\t\t\t\t\n\t\t\t\n\t\t\n\t\t\t\t<a href=\"https:\/\/demoscopicas.mondoaragon.com\/2016\/grupo\/STONE-AUREA\/\"><img src=\"https:\/\/demoscopicas.mondoaragon.com\/2016\/wp-content\/uploads\/bfi_thumb\/5684081e19bd4-n0vzfuqcbbws0zaoklxpjvuyvrii6dch7ecvg1e5do.jpg\" width=\"100\" height=\"100\" alt=\"\" class=\"modified avatar\" \/>STONE AUREA<img class=\"userpro-profile-badge-right userpro-profile-badge-verified\" src=\"https:\/\/demoscopicas.mondoaragon.com\/2016\/wp-content\/plugins\/userpro\/img\/badges\/badge-verified.png\" alt=\"\" title=\"Cuenta verificada\" \/><span class=\"userpro-badges inline\"><\/span><\/a>\n\t\n\t\n\t\t\t\t\n\t\t\t\n\t\t\n\t\t\t\t<a href=\"https:\/\/demoscopicas.mondoaragon.com\/2016\/grupo\/Tumbleweeds\/\"><img src=\"https:\/\/demoscopicas.mondoaragon.com\/2016\/wp-content\/uploads\/bfi_thumb\/568405faccbcc-n0vzg0ddgc4hyn2hnodgyufqg2qpgjyv869sbp5sd6.jpg\" width=\"100\" height=\"100\" alt=\"\" class=\"modified avatar\" \/>Tumbleweeds<img class=\"userpro-profile-badge-right userpro-profile-badge-verified\" src=\"https:\/\/demoscopicas.mondoaragon.com\/2016\/wp-content\/plugins\/userpro\/img\/badges\/badge-verified.png\" alt=\"\" title=\"Cuenta verificada\" \/><span class=\"userpro-badges inline\"><\/span><\/a>\n\t\n\t\n\t\t\t\t\n\t\t\t\n\t\t\n\t\t\t\t<a href=\"https:\/\/demoscopicas.mondoaragon.com\/2016\/grupo\/The-Hard-Mama\/\"><img src=\"https:\/\/demoscopicas.mondoaragon.com\/2016\/wp-content\/uploads\/bfi_thumb\/5684038ae2210-n0vzfuqcbbws0zaoklxpjvuyvrii6dch7ecvg1e5m0.jpg\" width=\"100\" height=\"100\" alt=\"\" class=\"modified avatar\" \/>The Hard Mama<img class=\"userpro-profile-badge-right userpro-profile-badge-verified\" src=\"https:\/\/demoscopicas.mondoaragon.com\/2016\/wp-content\/plugins\/userpro\/img\/badges\/badge-verified.png\" alt=\"\" title=\"Cuenta verificada\" \/><span class=\"userpro-badges inline\"><\/span><\/a>\n\t\n\t\n\t\t\t\t\n\t\t\t\n\t\t\n\t\t\t\t<a href=\"https:\/\/demoscopicas.mondoaragon.com\/2016\/grupo\/DUCKS\/\"><img src=\"https:\/\/demoscopicas.mondoaragon.com\/2016\/wp-content\/uploads\/bfi_thumb\/56832960523e9-n0vzg44q7o9n92x11pzz8thktm86bcdskovq8t07mc.jpg\" width=\"100\" height=\"100\" alt=\"\" class=\"modified avatar\" \/>DUCKS<img class=\"userpro-profile-badge-right userpro-profile-badge-verified\" src=\"https:\/\/demoscopicas.mondoaragon.com\/2016\/wp-content\/plugins\/userpro\/img\/badges\/badge-verified.png\" alt=\"\" title=\"Cuenta verificada\" \/><span class=\"userpro-badges inline\"><\/span><\/a>\n\t\n\t\n\t\t\t\t\n\t\t\t\n\t\t\n\t\t\t\t<a href=\"https:\/\/demoscopicas.mondoaragon.com\/2016\/grupo\/The-lines\/\"><img src=\"https:\/\/demoscopicas.mondoaragon.com\/2016\/wp-content\/uploads\/bfi_thumb\/5682f785441c6-n0vzg1b7n65sa914i6s3jc771gm2o92lkax9sz4dz6.jpg\" width=\"100\" height=\"100\" alt=\"\" class=\"modified avatar\" \/>The lines<span class=\"userpro-badges inline\"><\/span><\/a>\n\t\n\t\n\t\t\t\t\n\t\t\t\n\t\t\n\t\t\t\t<a href=\"https:\/\/demoscopicas.mondoaragon.com\/2016\/grupo\/MPOLE\/\"><img src=\"https:\/\/demoscopicas.mondoaragon.com\/2016\/wp-content\/uploads\/bfi_thumb\/56827df03e2e7-n0vzfsunxnu7drdevl4gewc1ozrrqz50j51whhgxq4.jpg\" width=\"100\" height=\"100\" alt=\"\" class=\"modified avatar\" \/>MPOLE<img class=\"userpro-profile-badge-right userpro-profile-badge-verified\" src=\"https:\/\/demoscopicas.mondoaragon.com\/2016\/wp-content\/plugins\/userpro\/img\/badges\/badge-verified.png\" alt=\"\" title=\"Cuenta verificada\" \/><span class=\"userpro-badges inline\"><\/span><\/a>\n\t\n\t\n\t\t\t\t\n\t\t\t\n\t\t\n\t\t\t\t<a href=\"https:\/\/demoscopicas.mondoaragon.com\/2016\/grupo\/INUIT\/\"><img src=\"https:\/\/demoscopicas.mondoaragon.com\/2016\/wp-content\/uploads\/bfi_thumb\/568267b02cad9-n0vzfyhp2o1xbf57ynk7tuwt9azz15rejwytd58kx4.jpg\" width=\"100\" height=\"100\" alt=\"\" class=\"modified avatar\" \/>INUIT<img class=\"userpro-profile-badge-right userpro-profile-badge-verified\" src=\"https:\/\/demoscopicas.mondoaragon.com\/2016\/wp-content\/plugins\/userpro\/img\/badges\/badge-verified.png\" alt=\"\" title=\"Cuenta verificada\" \/><span class=\"userpro-badges inline\"><\/span><\/a>\n\t\n\t\n\t\t\t\t\n\t\t\t\n\t\t\n\t\t\t\t<a href=\"https:\/\/demoscopicas.mondoaragon.com\/2016\/grupo\/Cabarets\/\"><img src=\"https:\/\/demoscopicas.mondoaragon.com\/2016\/wp-content\/uploads\/bfi_thumb\/568182585f743-n0vzfvo6i5y2cl9bf4cc4dmfh5dve2g7jj0cxbcr0i.jpg\" width=\"100\" height=\"100\" alt=\"\" class=\"modified avatar\" \/>Cabarets<img class=\"userpro-profile-badge-right userpro-profile-badge-verified\" src=\"https:\/\/demoscopicas.mondoaragon.com\/2016\/wp-content\/plugins\/userpro\/img\/badges\/badge-verified.png\" alt=\"\" title=\"Cuenta verificada\" \/><span class=\"userpro-badges inline\"><\/span><\/a>\n\t\n\t\n\t\t\t\t\n\t\t\t\n\t\t\n\t\t\t\t<a href=\"https:\/\/demoscopicas.mondoaragon.com\/2016\/grupo\/Day22\/\"><img src=\"https:\/\/demoscopicas.mondoaragon.com\/2016\/wp-content\/uploads\/bfi_thumb\/567ff1bf84a9a-n0vzfzfj9i37n13ut5yueco9uovc8uv4w1mauf774s.jpg\" width=\"100\" height=\"100\" alt=\"\" class=\"modified avatar\" \/>Day22<span class=\"userpro-badges inline\"><\/span><\/a>\n\t\n\t\n\t\t\t\t\n\t\t\t\n\t\t\n\t\t\t\t<a href=\"https:\/\/demoscopicas.mondoaragon.com\/2016\/grupo\/Cereal-Killer\/\"><img src=\"https:\/\/demoscopicas.mondoaragon.com\/2016\/wp-content\/uploads\/bfi_thumb\/567af8d70af0e-n0vzfvo6i5y2cl9bf4cc4dmfh5dve2g7jj0cxbcrf8.jpg\" width=\"100\" height=\"100\" alt=\"\" class=\"modified avatar\" \/>Cereal Killer<img class=\"userpro-profile-badge-right userpro-profile-badge-verified\" src=\"https:\/\/demoscopicas.mondoaragon.com\/2016\/wp-content\/plugins\/userpro\/img\/badges\/badge-verified.png\" alt=\"\" title=\"Cuenta verificada\" \/><span class=\"userpro-badges inline\"><\/span><\/a>\n\t\n\t\n\t\t\t\t\n\t\t\t\n\t\t\n\t\t\t\t<a href=\"https:\/\/demoscopicas.mondoaragon.com\/2016\/grupo\/Saeta\/\"><img src=\"https:\/\/demoscopicas.mondoaragon.com\/2016\/wp-content\/uploads\/bfi_thumb\/567bf174973d0-n0vzg1b7n65sa914i6s3jc771gm2o92lkax9sz4e28.jpg\" width=\"100\" height=\"100\" alt=\"\" class=\"modified avatar\" \/>Saeta<img class=\"userpro-profile-badge-right userpro-profile-badge-verified\" src=\"https:\/\/demoscopicas.mondoaragon.com\/2016\/wp-content\/plugins\/userpro\/img\/badges\/badge-verified.png\" alt=\"\" title=\"Cuenta verificada\" \/><span class=\"userpro-badges inline\"><\/span><\/a>\n\t\n\t\n\t\t\t\t\n\t\t\t\n\t\t\n\t\t\t\t<a href=\"https:\/\/demoscopicas.mondoaragon.com\/2016\/grupo\/Victorious-Fleet-Commanders\/\"><img src=\"https:\/\/demoscopicas.mondoaragon.com\/2016\/wp-content\/uploads\/bfi_thumb\/56784570dc0f8-n0vzg291u072luzrcp6q3tynmuhfvy6bwfkra92zso.jpg\" width=\"100\" height=\"100\" alt=\"\" class=\"modified avatar\" \/>Victorious Fleet Commanders<img class=\"userpro-profile-badge-right userpro-profile-badge-verified\" src=\"https:\/\/demoscopicas.mondoaragon.com\/2016\/wp-content\/plugins\/userpro\/img\/badges\/badge-verified.png\" alt=\"\" title=\"Cuenta verificada\" \/><span class=\"userpro-badges inline\"><\/span><\/a>\n\t\n\t\n\t\t\t\t\n\t\t\t\n\t\t\n\t\t\t\t<a href=\"https:\/\/demoscopicas.mondoaragon.com\/2016\/grupo\/El-viejo-y-el-bar\/\"><img src=\"https:\/\/demoscopicas.mondoaragon.com\/2016\/wp-content\/uploads\/bfi_thumb\/56783f853c422-n0vzg44q7o9n92x11pzz8thktm86bcdskovq8t07vs.jpg\" width=\"100\" height=\"100\" alt=\"\" class=\"modified avatar\" \/>El viejo y el bar<span class=\"userpro-badges inline\"><\/span><\/a>\n\t\n\t\n\t\t\t\t\n\t\t\t\n\t\t\n\t\t\t\t<a href=\"https:\/\/demoscopicas.mondoaragon.com\/2016\/grupo\/Local-4\/\"><img src=\"https:\/\/demoscopicas.mondoaragon.com\/2016\/wp-content\/uploads\/bfi_thumb\/56750fac7b110-n0vzg291u072luzrcp6q3tynmuhfvy6bwfkra92zqq.jpg\" width=\"100\" height=\"100\" alt=\"\" class=\"modified avatar\" \/>Local 4<img class=\"userpro-profile-badge-right userpro-profile-badge-verified\" src=\"https:\/\/demoscopicas.mondoaragon.com\/2016\/wp-content\/plugins\/userpro\/img\/badges\/badge-verified.png\" alt=\"\" title=\"Cuenta verificada\" \/><span class=\"userpro-badges inline\"><\/span><\/a>\n\t\n\t\n\t\t\t\t\n\t\t\t\n\t\t\n\t\t\t\t<a href=\"https:\/\/demoscopicas.mondoaragon.com\/2016\/grupo\/Camille\/\"><img src=\"https:\/\/demoscopicas.mondoaragon.com\/2016\/wp-content\/uploads\/bfi_thumb\/5672f1469ad33-n0vzfzfj9i37n13ut5yueco9uovc8uv4w1mauf76hg.jpg\" width=\"100\" height=\"100\" alt=\"\" class=\"modified avatar\" \/>Camille<img class=\"userpro-profile-badge-right userpro-profile-badge-verified\" src=\"https:\/\/demoscopicas.mondoaragon.com\/2016\/wp-content\/plugins\/userpro\/img\/badges\/badge-verified.png\" alt=\"\" title=\"Cuenta verificada\" \/><span class=\"userpro-badges inline\"><\/span><\/a>\n\t\n\t\n\t\t<\/div>\n\t\t<div class=\"userpro-clear\"><\/div>\n<div class=\"userpro-paginate bottom\"><span aria-current=\"page\" class=\"page-numbers current\">1<\/span>\n<a class=\"page-numbers\" href=\"\/2016\/wp-json\/wp\/v2\/pages\/853?emd-page=2\">2<\/a>\n<a class=\"next page-numbers\" href=\"\/2016\/wp-json\/wp\/v2\/pages\/853?emd-page=2\">Siguiente<\/a><\/div>\r\n\r\n<style type=\"text\/css\">\r\n\r\ndiv.userpro-awsm-pic {\r\n\tmargin-left: -48px;\r\n\ttop: -48px;\r\n}\r\n\r\ndiv.userpro-awsm-pic img {\r\n\twidth: 86px;\r\n\theight: 86px;\r\n}\r\n\r\ndiv.userpro,\r\ndiv.emd-main,\r\ndiv.emd-filters,\r\ndiv.userpro-search-results,\r\ndiv.userpro-label label,\r\ndiv.userpro input,\r\ndiv.userpro textarea,\r\ndiv.userpro select,\r\ndiv.userpro-field textarea.userpro_editor,\r\ndiv.userpro-msg-overlay-content,\r\ndiv.userpro-msg-overlay-content input,\r\ndiv.userpro-msg-overlay-content textarea,\r\ndiv.userpro-notifier\r\n{\r\n\tfont-family: Roboto;\r\n}\r\n\r\n\r\ndiv.userpro-104 {\r\n\tmax-width: 480px;\r\n\t\t\t\tmargin-left: auto;margin-right: auto;\r\n\t\t\t\tmargin-bottom: 30px;\r\n\t}\r\n\r\n\r\n\r\ndiv.userpro-104.userpro-nostyle {\r\n\tmax-width: 250px;\r\n}\r\n\r\ndiv.userpro-104.userpro-users {\r\n\tmax-width: 100% !important;\r\n}\r\n\r\ndiv.userpro-104 div.userpro-user {\r\n\tmargin-top: 15px;\r\n\tmargin-left: 30px;\r\n\tmargin-right: 30px;\r\n}\r\n\r\ndiv.userpro-104 div.userpro-user a.userpro-user-img {\r\n\twidth: 120px;\r\n\theight: 120px;\r\n}\r\ndiv.userpro-104 div.userpro-user a.userpro-user-img span {\r\n\ttop: -120px;\r\n\tline-height: 120px;\r\n}\r\n\r\ndiv.userpro-104 div.userpro-user div.userpro-user-link {\r\n\twidth: 120px;\r\n}\r\n\r\ndiv.userpro-104 div.userpro-user a.userpro-user-img,\r\ndiv.userpro-104 div.userpro-user a.userpro-user-img span {\r\n\tborder-radius: 999px !important;\r\n}\r\n\r\ndiv.userpro-104 div.userpro-list-item-i {\r\n\twidth: 50px;\r\n\theight: 50px;\r\n}\r\n\r\n\r\ndiv.userpro-104 div.userpro-online-item-i {\r\n\twidth: 30px;\r\n\theight: 30px;\r\n}\r\n\r\ndiv.userpro-104 div.userpro-online-item {\r\n\tborder-bottom: 0px !important;\r\n\tpadding: 10px 0 0 0;\r\n}\r\n\r\ndiv.userpro-104 div.userpro-online-item img.userpro-profile-badge,\r\ndiv.userpro-104 div.userpro-online-item img.userpro-profile-badge-right {\r\n\tmax-width: 14px !important;\r\n\tmax-height: 14px !important;\r\n}\r\n\r\ndiv.userpro-104 div.userpro-profile-img {\r\n\twidth: 80px;\r\n}\r\n\r\ndiv.emd-user {\r\n    width: 22%;\r\n\tmargin-left: 2% !important;\r\n}\r\n\r\n\r\n\r\n\r\n<\/style>\r\n\r\n\n","protected":false},"excerpt":{"rendered":"<p>&nbsp; Victorious Fleet Commanders ganan las Demosc\u00f3picas 2016 Leer noticia completa &nbsp; Ya conocemos los finalistas de las Demosc\u00f3picas Las fiestas Demosc\u00f3picas de Mondo Sonoro Arag\u00f3n de este 2016 (repetimos en la L\u00f3pez, el 26 de este mes, y El Veintiuno, el 4 de marzo) tendr\u00e1n a dos candidatos muy notables: The Hard Mama y [&hellip;]<\/p>\n","protected":false},"author":1,"featured_media":0,"parent":0,"menu_order":0,"comment_status":"open","ping_status":"open","template":"","meta":{"spay_email":"","_links_to":"","_links_to_target":""},"aioseo_notices":[],"_links":{"self":[{"href":"https:\/\/demoscopicas.mondoaragon.com\/2016\/wp-json\/wp\/v2\/pages\/853"}],"collection":[{"href":"https:\/\/demoscopicas.mondoaragon.com\/2016\/wp-json\/wp\/v2\/pages"}],"about":[{"href":"https:\/\/demoscopicas.mondoaragon.com\/2016\/wp-json\/wp\/v2\/types\/page"}],"author":[{"embeddable":true,"href":"https:\/\/demoscopicas.mondoaragon.com\/2016\/wp-json\/wp\/v2\/users\/1"}],"replies":[{"embeddable":true,"href":"https:\/\/demoscopicas.mondoaragon.com\/2016\/wp-json\/wp\/v2\/comments?post=853"}],"version-history":[{"count":36,"href":"https:\/\/demoscopicas.mondoaragon.com\/2016\/wp-json\/wp\/v2\/pages\/853\/revisions"}],"predecessor-version":[{"id":913,"href":"https:\/\/demoscopicas.mondoaragon.com\/2016\/wp-json\/wp\/v2\/pages\/853\/revisions\/913"}],"wp:attachment":[{"href":"https:\/\/demoscopicas.mondoaragon.com\/2016\/wp-json\/wp\/v2\/media?parent=853"}],"curies":[{"name":"wp","href":"https:\/\/api.w.org\/{rel}","templated":true}]}}